{"id":3451,"date":"2024-08-02T15:34:23","date_gmt":"2024-08-02T13:34:23","guid":{"rendered":"https:\/\/www.fspolitik.de\/?page_id=3451"},"modified":"2024-08-21T01:35:09","modified_gmt":"2024-08-20T23:35:09","slug":"mitmachen","status":"publish","type":"page","link":"https:\/\/www.fspolitik.de\/?page_id=3451","title":{"rendered":"Mitmachen"},"content":{"rendered":"\n<p>Wenn du Lust hast, dich in der Fachschaft zu engagieren, dann komm doch einfach vorbei. Wir treffen uns w\u00e4hrend der Vorlesungszeit jeden Montag um 20:15 Uhr im \u00dcR2 im KG IV.<\/p>\n\n\n\n<p><a href=\"https:\/\/www.instagram.com\/reel\/CydWQWaKlvT\/?utm_source=ig_web_copy_link&amp;igsh=MzRlODBiNWFlZA==\" data-type=\"link\" data-id=\"https:\/\/www.instagram.com\/reel\/CydWQWaKlvT\/?utm_source=ig_web_copy_link&amp;igsh=MzRlODBiNWFlZA==\" target=\"_blank\" rel=\"noreferrer noopener\">Weg zum \u00dcR2 (Verlinkung zu einem Video auf Instagram)<\/a><\/p>\n\n\n\n<p>Bei Fragen stehen wir gerne zur Verf\u00fcgung:<\/p>\n\n\n\n<div class=\"wp-block-buttons is-layout-flex wp-block-buttons-is-layout-flex\">\n<div class=\"wp-block-button\"><a class=\"wp-block-button__link wp-element-button\" href=\"https:\/\/www.fspolitik.de\/?page_id=3455\">Kontakt<\/a><\/div>\n<\/div>\n","protected":false},"excerpt":{"rendered":"<p>Wenn du Lust hast, dich in der Fachschaft zu engagieren, dann komm doch einfach vorbei. Wir treffen uns w\u00e4hrend der Vorlesungszeit jeden Montag um 20:15 Uhr im \u00dcR2 im KG IV. Weg zum \u00dcR2 (Verlinkung zu einem Video auf Instagram) Bei Fragen stehen wir gerne zur Verf\u00fcgung:<\/p>\n","protected":false},"author":16,"featured_media":0,"parent":0,"menu_order":0,"comment_status":"closed","ping_status":"closed","template":"","meta":{"iawp_total_views":278,"footnotes":""},"class_list":["post-3451","page","type-page","status-publish","hentry"],"_links":{"self":[{"href":"https:\/\/www.fspolitik.de\/index.php?rest_route=\/wp\/v2\/pages\/3451","targetHints":{"allow":["GET"]}}],"collection":[{"href":"https:\/\/www.fspolitik.de\/index.php?rest_route=\/wp\/v2\/pages"}],"about":[{"href":"https:\/\/www.fspolitik.de\/index.php?rest_route=\/wp\/v2\/types\/page"}],"author":[{"embeddable":true,"href":"https:\/\/www.fspolitik.de\/index.php?rest_route=\/wp\/v2\/users\/16"}],"replies":[{"embeddable":true,"href":"https:\/\/www.fspolitik.de\/index.php?rest_route=%2Fwp%2Fv2%2Fcomments&post=3451"}],"version-history":[{"count":3,"href":"https:\/\/www.fspolitik.de\/index.php?rest_route=\/wp\/v2\/pages\/3451\/revisions"}],"predecessor-version":[{"id":3610,"href":"https:\/\/www.fspolitik.de\/index.php?rest_route=\/wp\/v2\/pages\/3451\/revisions\/3610"}],"wp:attachment":[{"href":"https:\/\/www.fspolitik.de\/index.php?rest_route=%2Fwp%2Fv2%2Fmedia&parent=3451"}],"curies":[{"name":"wp","href":"https:\/\/api.w.org\/{rel}","templated":true}]}}