{"id":3472,"date":"2024-08-06T23:09:17","date_gmt":"2024-08-06T21:09:17","guid":{"rendered":"https:\/\/www.fspolitik.de\/?page_id=3472"},"modified":"2026-01-15T15:56:22","modified_gmt":"2026-01-15T14:56:22","slug":"impressum","status":"publish","type":"page","link":"https:\/\/www.fspolitik.de\/?page_id=3472","title":{"rendered":"Impressum"},"content":{"rendered":"\n<h2 class=\"wp-block-heading\">Impressum (nach \u00a76 TMG\/\u00a755 RStV)<\/h2>\n\n\n\n<p>Angaben gem\u00e4\u00df \u00a7 5 TMG:<\/p>\n\n\n\n<p>Fachbereich Politikwissenschaft der Albert-Ludwigs Universit\u00e4t Freiburg<br>Belfortstr 24<br>79098 Freiburg<\/p>\n\n\n\n<h4 class=\"wp-block-heading\">Vertreten durch:<\/h4>\n\n\n\n<p>die jeweils gew\u00e4hlten Fachbereichsvertreter*innen<\/p>\n\n\n\n<h4 class=\"wp-block-heading\">Kontakt:<\/h4>\n\n\n\n<figure class=\"wp-block-table\"><table class=\"has-fixed-layout\"><tbody><tr><td>E-Mail:<\/td><td>fspolitik@stura.org<\/td><\/tr><\/tbody><\/table><\/figure>\n\n\n\n<h4 class=\"wp-block-heading\">Aufsichtsbeh\u00f6rde:<\/h4>\n\n\n\n<p>Albert-Ludwigs-Universit\u00e4t Freiburg<\/p>\n\n\n\n<p><strong>Urheberrecht<\/strong><\/p>\n\n\n\n<p>Die durch die Seitenbetreiber erstellten Inhalte und Werke auf diesen Seiten unterliegen dem deutschen Urheberrecht. Die Vervielf\u00e4ltigung, Bearbeitung, Verbreitung und jede Art der Verwertung au\u00dferhalb der Grenzen des Urheberrechtes bed\u00fcrfen der schriftlichen Zustimmung des jeweiligen Autors bzw. Erstellers. Downloads und Kopien dieser Seite sind nur f\u00fcr den privaten, nicht kommerziellen Gebrauch gestattet. Soweit die Inhalte auf dieser Seite nicht vom Betreiber erstellt wurden, werden die Urheberrechte Dritter beachtet. Insbesondere werden Inhalte Dritter als solche gekennzeichnet. Sollten Sie trotzdem auf eine Urheberrechtsverletzung aufmerksam werden, bitten wir um einen entsprechenden Hinweis. Bei Bekanntwerden von Rechtsverletzungen werden wir derartige Inhalte umgehend entfernen.<\/p>\n","protected":false},"excerpt":{"rendered":"<p>Impressum (nach \u00a76 TMG\/\u00a755 RStV) Angaben gem\u00e4\u00df \u00a7 5 TMG: Fachbereich Politikwissenschaft der Albert-Ludwigs Universit\u00e4t FreiburgBelfortstr 2479098 Freiburg Vertreten durch: die jeweils gew\u00e4hlten Fachbereichsvertreter*innen Kontakt: E-Mail: fspolitik@stura.org Aufsichtsbeh\u00f6rde: Albert-Ludwigs-Universit\u00e4t Freiburg Urheberrecht Die durch die Seitenbetreiber erstellten Inhalte und Werke auf diesen Seiten unterliegen dem deutschen Urheberrecht. Die Vervielf\u00e4ltigung, Bearbeitung, Verbreitung und jede Art der Verwertung [&hellip;]<\/p>\n","protected":false},"author":16,"featured_media":0,"parent":0,"menu_order":0,"comment_status":"closed","ping_status":"closed","template":"","meta":{"iawp_total_views":98,"footnotes":""},"class_list":["post-3472","page","type-page","status-publish","hentry"],"_links":{"self":[{"href":"https:\/\/www.fspolitik.de\/index.php?rest_route=\/wp\/v2\/pages\/3472","targetHints":{"allow":["GET"]}}],"collection":[{"href":"https:\/\/www.fspolitik.de\/index.php?rest_route=\/wp\/v2\/pages"}],"about":[{"href":"https:\/\/www.fspolitik.de\/index.php?rest_route=\/wp\/v2\/types\/page"}],"author":[{"embeddable":true,"href":"https:\/\/www.fspolitik.de\/index.php?rest_route=\/wp\/v2\/users\/16"}],"replies":[{"embeddable":true,"href":"https:\/\/www.fspolitik.de\/index.php?rest_route=%2Fwp%2Fv2%2Fcomments&post=3472"}],"version-history":[{"count":4,"href":"https:\/\/www.fspolitik.de\/index.php?rest_route=\/wp\/v2\/pages\/3472\/revisions"}],"predecessor-version":[{"id":3721,"href":"https:\/\/www.fspolitik.de\/index.php?rest_route=\/wp\/v2\/pages\/3472\/revisions\/3721"}],"wp:attachment":[{"href":"https:\/\/www.fspolitik.de\/index.php?rest_route=%2Fwp%2Fv2%2Fmedia&parent=3472"}],"curies":[{"name":"wp","href":"https:\/\/api.w.org\/{rel}","templated":true}]}}