{"id":3505,"date":"2024-08-07T02:43:51","date_gmt":"2024-08-07T00:43:51","guid":{"rendered":"https:\/\/www.fspolitik.de\/?page_id=3505"},"modified":"2025-05-15T16:46:29","modified_gmt":"2025-05-15T14:46:29","slug":"fachschaftsarbeit","status":"publish","type":"page","link":"https:\/\/www.fspolitik.de\/?page_id=3505","title":{"rendered":"Fachschaftsarbeit"},"content":{"rendered":"\n<p>Wir treffen uns w\u00e4hrend der Vorlesungszeit einmal in der Woche zu unserer Fachschaftssitzung, die Sitzungen sind f\u00fcr alle Studierende der Politik offen, wir freuen uns \u00fcber alle die Lust haben sich zu engagiere.<\/p>\n\n\n\n<div class=\"wp-block-buttons is-layout-flex wp-block-buttons-is-layout-flex\">\n<div class=\"wp-block-button\"><a class=\"wp-block-button__link wp-element-button\" href=\"https:\/\/www.fspolitik.de\/?page_id=3451\">Mitmachen<\/a><\/div>\n<\/div>\n\n\n\n<p>Als Fachschaft sind wir in einigen Gremien der Universit\u00e4t vertreten<\/p>\n\n\n\n<div class=\"wp-block-buttons is-layout-flex wp-block-buttons-is-layout-flex\">\n<div class=\"wp-block-button is-style-fill\"><a class=\"wp-block-button__link wp-element-button\" href=\"https:\/\/www.fspolitik.de\/?page_id=3443\">Gremien<\/a><\/div>\n<\/div>\n\n\n\n<p>Innerhalb unserer Fachschaft organisieren wir uns in Arbeitskreisen<\/p>\n\n\n\n<div class=\"wp-block-buttons is-layout-flex wp-block-buttons-is-layout-flex\">\n<div class=\"wp-block-button\"><a class=\"wp-block-button__link wp-element-button\" href=\"https:\/\/www.fspolitik.de\/?page_id=3459\">Arbeitskreise<\/a><\/div>\n<\/div>\n\n\n\n<p>Der Rahmen, in dem unsere Fachschaftsarbeit stattfindet, ist in unserer Gesch\u00e4ftsordnung geregelt.<\/p>\n\n\n\n<div class=\"wp-block-buttons is-layout-flex wp-block-buttons-is-layout-flex\">\n<div class=\"wp-block-button\"><a class=\"wp-block-button__link wp-element-button\" href=\"https:\/\/www.fspolitik.de\/?page_id=3453\">Gesch\u00e4ftsordnung<\/a><\/div>\n<\/div>\n\n\n\n<p>Hier ver\u00f6ffentlichen wir die Protokolle unserer FS-Sitzungen<\/p>\n\n\n\n<div class=\"wp-block-buttons is-layout-flex wp-block-buttons-is-layout-flex\">\n<div class=\"wp-block-button\"><a class=\"wp-block-button__link wp-element-button\" href=\"https:\/\/magentacloud.de\/s\/8CMospKPAqfbd4Q\" target=\"_blank\" rel=\"noreferrer noopener\">Protokolle der FS-Sitzungen<\/a><\/div>\n<\/div>\n\n\n\n<p><\/p>\n","protected":false},"excerpt":{"rendered":"<p>Wir treffen uns w\u00e4hrend der Vorlesungszeit einmal in der Woche zu unserer Fachschaftssitzung, die Sitzungen sind f\u00fcr alle Studierende der Politik offen, wir freuen uns \u00fcber alle die Lust haben sich zu engagiere. Als Fachschaft sind wir in einigen Gremien der Universit\u00e4t vertreten Innerhalb unserer Fachschaft organisieren wir uns in Arbeitskreisen Der Rahmen, in dem [&hellip;]<\/p>\n","protected":false},"author":16,"featured_media":0,"parent":0,"menu_order":0,"comment_status":"closed","ping_status":"closed","template":"","meta":{"iawp_total_views":183,"footnotes":""},"class_list":["post-3505","page","type-page","status-publish","hentry"],"_links":{"self":[{"href":"https:\/\/www.fspolitik.de\/index.php?rest_route=\/wp\/v2\/pages\/3505","targetHints":{"allow":["GET"]}}],"collection":[{"href":"https:\/\/www.fspolitik.de\/index.php?rest_route=\/wp\/v2\/pages"}],"about":[{"href":"https:\/\/www.fspolitik.de\/index.php?rest_route=\/wp\/v2\/types\/page"}],"author":[{"embeddable":true,"href":"https:\/\/www.fspolitik.de\/index.php?rest_route=\/wp\/v2\/users\/16"}],"replies":[{"embeddable":true,"href":"https:\/\/www.fspolitik.de\/index.php?rest_route=%2Fwp%2Fv2%2Fcomments&post=3505"}],"version-history":[{"count":7,"href":"https:\/\/www.fspolitik.de\/index.php?rest_route=\/wp\/v2\/pages\/3505\/revisions"}],"predecessor-version":[{"id":3665,"href":"https:\/\/www.fspolitik.de\/index.php?rest_route=\/wp\/v2\/pages\/3505\/revisions\/3665"}],"wp:attachment":[{"href":"https:\/\/www.fspolitik.de\/index.php?rest_route=%2Fwp%2Fv2%2Fmedia&parent=3505"}],"curies":[{"name":"wp","href":"https:\/\/api.w.org\/{rel}","templated":true}]}}