{"id":3535,"date":"2024-08-07T22:56:00","date_gmt":"2024-08-07T20:56:00","guid":{"rendered":"https:\/\/www.fspolitik.de\/?page_id=3535"},"modified":"2024-09-19T15:37:18","modified_gmt":"2024-09-19T13:37:18","slug":"ersitiwoche","status":"publish","type":"page","link":"https:\/\/www.fspolitik.de\/?page_id=3535","title":{"rendered":"Ersti-Woche"},"content":{"rendered":"\n<blockquote class=\"wp-block-quote is-layout-flow wp-block-quote-is-layout-flow\">\n<p>Die Ersti-Woche ist die Woche vor dem Vorlesungsbeginn, es gibt ein Einf\u00fchrungsprogramm f\u00fcr die neuen Erstsemester.<\/p>\n<\/blockquote>\n\n\n\n<p>Alle Termine der Ersti-Woche stehen in der myUFR-App zur Verf\u00fcgung. Bitte meldet euch f\u00fcr alle Aktivit\u00e4ten an bei denen ihr teilnehmen m\u00f6chtet.<\/p>\n\n\n\n<p>Ein Download ist daher zu Beginn des Studiums unbedingt zu empfehlen.<\/p>\n\n\n\n<div class=\"wp-block-buttons is-layout-flex wp-block-buttons-is-layout-flex\">\n<div class=\"wp-block-button\"><a class=\"wp-block-button__link wp-element-button\" href=\"https:\/\/play.google.com\/store\/apps\/details?id=de.unifreiburg.studienstart&amp;hl=de\" target=\"_blank\" rel=\"noreferrer noopener\">myUFR im Play-Store<\/a><\/div>\n\n\n\n<div class=\"wp-block-button\"><a class=\"wp-block-button__link wp-element-button\" href=\"https:\/\/apps.apple.com\/gb\/app\/myufr-universit%C3%A4t-freiburg\/id1471382910?l=de&amp;platform=iphone\" target=\"_blank\" rel=\"noreferrer noopener\">myUFR im App-Store<\/a><\/div>\n<\/div>\n\n\n\n<p><\/p>\n\n\n\n<p>Alternativ gibt es auch eine Webversion der App (begrenzter Funktionsumfang):<\/p>\n\n\n\n<div class=\"wp-block-buttons is-layout-flex wp-block-buttons-is-layout-flex\">\n<div class=\"wp-block-button\"><a class=\"wp-block-button__link wp-element-button\" href=\"https:\/\/www.studieren.uni-freiburg.de\/myufr\/\" target=\"_blank\" rel=\"noreferrer noopener\">Zur Webversion der myUFR App<\/a><\/div>\n<\/div>\n\n\n\n<p><\/p>\n\n\n\n<p>F\u00fcr immer aktuelle Informationen folgt uns am besten auf Instagram:<\/p>\n\n\n\n<div class=\"wp-block-buttons is-layout-flex wp-block-buttons-is-layout-flex\">\n<div class=\"wp-block-button\"><a class=\"wp-block-button__link wp-element-button\" href=\"https:\/\/www.instagram.com\/fachschaftpolitik.unifreiburg\/\" target=\"_blank\" rel=\"noreferrer noopener\">@fachschaftpolitik.unifreiburg<\/a><\/div>\n<\/div>\n\n\n\n<p><\/p>\n\n\n\n<p>Wenn ihr noch Fragen zum Studium habt, dann schaut doch mal in unsere Studien FAQ.<\/p>\n\n\n\n<div class=\"wp-block-buttons is-layout-flex wp-block-buttons-is-layout-flex\">\n<div class=\"wp-block-button\"><a class=\"wp-block-button__link wp-element-button\" href=\"https:\/\/www.fspolitik.de\/?page_id=3537\">Studiums FAQ<\/a><\/div>\n<\/div>\n","protected":false},"excerpt":{"rendered":"<p>Die Ersti-Woche ist die Woche vor dem Vorlesungsbeginn, es gibt ein Einf\u00fchrungsprogramm f\u00fcr die neuen Erstsemester. Alle Termine der Ersti-Woche stehen in der myUFR-App zur Verf\u00fcgung. Bitte meldet euch f\u00fcr alle Aktivit\u00e4ten an bei denen ihr teilnehmen m\u00f6chtet. Ein Download ist daher zu Beginn des Studiums unbedingt zu empfehlen. Alternativ gibt es auch eine Webversion [&hellip;]<\/p>\n","protected":false},"author":16,"featured_media":0,"parent":3457,"menu_order":0,"comment_status":"closed","ping_status":"closed","template":"","meta":{"iawp_total_views":793,"footnotes":""},"class_list":["post-3535","page","type-page","status-publish","hentry"],"_links":{"self":[{"href":"https:\/\/www.fspolitik.de\/index.php?rest_route=\/wp\/v2\/pages\/3535","targetHints":{"allow":["GET"]}}],"collection":[{"href":"https:\/\/www.fspolitik.de\/index.php?rest_route=\/wp\/v2\/pages"}],"about":[{"href":"https:\/\/www.fspolitik.de\/index.php?rest_route=\/wp\/v2\/types\/page"}],"author":[{"embeddable":true,"href":"https:\/\/www.fspolitik.de\/index.php?rest_route=\/wp\/v2\/users\/16"}],"replies":[{"embeddable":true,"href":"https:\/\/www.fspolitik.de\/index.php?rest_route=%2Fwp%2Fv2%2Fcomments&post=3535"}],"version-history":[{"count":20,"href":"https:\/\/www.fspolitik.de\/index.php?rest_route=\/wp\/v2\/pages\/3535\/revisions"}],"predecessor-version":[{"id":3643,"href":"https:\/\/www.fspolitik.de\/index.php?rest_route=\/wp\/v2\/pages\/3535\/revisions\/3643"}],"up":[{"embeddable":true,"href":"https:\/\/www.fspolitik.de\/index.php?rest_route=\/wp\/v2\/pages\/3457"}],"wp:attachment":[{"href":"https:\/\/www.fspolitik.de\/index.php?rest_route=%2Fwp%2Fv2%2Fmedia&parent=3535"}],"curies":[{"name":"wp","href":"https:\/\/api.w.org\/{rel}","templated":true}]}}