{"id":3537,"date":"2024-08-07T22:56:29","date_gmt":"2024-08-07T20:56:29","guid":{"rendered":"https:\/\/www.fspolitik.de\/?page_id=3537"},"modified":"2024-08-24T10:28:18","modified_gmt":"2024-08-24T08:28:18","slug":"how-to-studium","status":"publish","type":"page","link":"https:\/\/www.fspolitik.de\/?page_id=3537","title":{"rendered":"FAQ zum Studium"},"content":{"rendered":"\n<h2 class=\"wp-block-heading\">Liebe Erstis,<\/h2>\n\n\n\n<blockquote class=\"wp-block-quote is-layout-flow wp-block-quote-is-layout-flow\">\n<p><strong>hier erkl\u00e4ren wir euch was euch im Studium so erwartet. Die wichtigsten Fragen haben wir euch hier schonmal beantwortet.<\/strong><\/p>\n<\/blockquote>\n\n\n<div ><style>#sp-ea-3540 .spcollapsing { height: 0; overflow: hidden; transition-property: height;transition-duration: 300ms;}#sp-ea-3540.sp-easy-accordion>.sp-ea-single {margin-bottom: 10px; border: 1px solid #e2e2e2; }#sp-ea-3540.sp-easy-accordion>.sp-ea-single>.ea-header a {color: #444;}#sp-ea-3540.sp-easy-accordion>.sp-ea-single>.sp-collapse>.ea-body {background: #fff; color: #444;}#sp-ea-3540.sp-easy-accordion>.sp-ea-single {background: #eee;}#sp-ea-3540.sp-easy-accordion>.sp-ea-single>.ea-header a .ea-expand-icon { float: left; color: #444;font-size: 16px;}<\/style><div id=\"sp_easy_accordion-1723743285\"><div id=\"sp-ea-3540\" class=\"sp-ea-one sp-easy-accordion\" data-ea-active=\"ea-click\" data-ea-mode=\"vertical\" data-preloader=\"\" data-scroll-active-item=\"\" data-offset-to-scroll=\"0\"><div class=\"ea-card ea-expand sp-ea-single\"><h3 class=\"ea-header\"><a class=\"collapsed\" id=\"ea-header-35400\" role=\"button\" data-sptoggle=\"spcollapse\" data-sptarget=\"#collapse35400\" aria-controls=\"collapse35400\" href=\"#\" aria-expanded=\"true\" tabindex=\"0\"><i aria-hidden=\"true\" role=\"presentation\" class=\"ea-expand-icon eap-icon-ea-expand-minus\"><\/i> Was ist die Fachschaft?<\/a><\/h3><div class=\"sp-collapse spcollapse collapsed show\" id=\"collapse35400\" data-parent=\"#sp-ea-3540\" role=\"region\" aria-labelledby=\"ea-header-35400\"> <div class=\"ea-body\"><div id=\"magicdomid16\" class=\"\"><span class=\"author-p-9301\">Die Fachschaft ist eine Gruppe von Studierenden, die sich freiwillig engagieren, um die Interessen der Studierenden eines bestimmten Fachbereichs zu vertreten. Sie ist die Stimme der Studierenden gegen\u00fcber der Universit\u00e4t und k\u00fcmmert sich um alles, was die Studierenden in ihrem Fach betrifft. Kurz gesagt, die Fachschaft ist wie eine Art Sch\u00fcler:innenvertretung an der Uni, nur eben speziell f\u00fcr unseren Studiengang. Wir helfen euch, im Studium zurechtzufinden, und sorgen daf\u00fcr, dass die Anliegen der Studierenden geh\u00f6rt werden. Wir organiseren Partys, Erstsemesterwochen oder gemeinsame Ausfl\u00fcge.\u00a0<\/span><\/div><div id=\"magicdomid17\" class=\"\"><span class=\"author-p-9301\">Wir machen aber nicht nur Vernetzungsarbeit sondern auch Hochschulpolitik. Wir vertreten unser Fach gegen\u00fcber dem Seminar f\u00fcr Wissenschaftliche Politik, der Fakult\u00e4t, der Uni und im Studierendenrat.<\/span><\/div><\/div><\/div><\/div><div class=\"ea-card sp-ea-single\"><h3 class=\"ea-header\"><a class=\"collapsed\" id=\"ea-header-35401\" role=\"button\" data-sptoggle=\"spcollapse\" data-sptarget=\"#collapse35401\" aria-controls=\"collapse35401\" href=\"#\" aria-expanded=\"false\" tabindex=\"0\"><i aria-hidden=\"true\" role=\"presentation\" class=\"ea-expand-icon eap-icon-ea-expand-plus\"><\/i> Wo sind wir an der Uni?<\/a><\/h3><div class=\"sp-collapse spcollapse \" id=\"collapse35401\" data-parent=\"#sp-ea-3540\" role=\"region\" aria-labelledby=\"ea-header-35401\"> <div class=\"ea-body\"><div id=\"magicdomid22\" class=\"\"><span class=\"author-p-9301\">Die Universit\u00e4t Freiburg ist in elf Fakult\u00e4ten aufgeteilt. Es gibt die Technische Fakult\u00e4t, die Rechtswissenschaftliche Fakult\u00e4t, die Medizinische Fakult\u00e4t und so weiter. Wir sind an der Philosophischen Fakult\u00e4t. Auch unsere Fakult\u00e4t ist nochmal in mehrere Bereiche eingeteilt. An unserer Fakult\u00e4t kann man zum Beispiel Geschichte, Philosophie und Sinologie studieren. Wir studieren am Seminar f\u00fcr Wissenschaftliche Politik. Das ist die Abteilung an der man eben das Fach Politikwissenschaft studieren kann. An anderen Unis hei\u00dft das z.B. Institut f\u00fcr Politische Wissenschaft oder Fachgruppe Politikwissenschaft. <a href=\"https:\/\/www.politik.uni-freiburg.de\/\" target=\"_blank\" rel=\"noopener\">Homepage des Seminars<\/a><\/span><\/div><\/div><\/div><\/div><div class=\"ea-card sp-ea-single\"><h3 class=\"ea-header\"><a class=\"collapsed\" id=\"ea-header-35402\" role=\"button\" data-sptoggle=\"spcollapse\" data-sptarget=\"#collapse35402\" aria-controls=\"collapse35402\" href=\"#\" aria-expanded=\"false\" tabindex=\"0\"><i aria-hidden=\"true\" role=\"presentation\" class=\"ea-expand-icon eap-icon-ea-expand-plus\"><\/i> Was ist die Pr\u00fcfungsorndung?<\/a><\/h3><div class=\"sp-collapse spcollapse \" id=\"collapse35402\" data-parent=\"#sp-ea-3540\" role=\"region\" aria-labelledby=\"ea-header-35402\"> <div class=\"ea-body\"><div id=\"magicdomid41\" class=\"\"><span class=\"author-p-9301\">Was ist die Pr\u00fcfungsorndung?<\/span><\/div><div id=\"magicdomid42\" class=\"\"><\/div><div id=\"magicdomid43\" class=\"\"><span class=\"author-p-9301\">Die Pr\u00fcfungsordnung ist die Vorgabe, die wir f\u00fcr unserer Studium erf\u00fcllen m\u00fcssen: Welche Seminare und Vorlesungen aus welchem Themenbereichen wir belegen m\u00fcssen. Mit jeder erfolgreich belegten Veranstaltung sammeln wir Punkte, die hei\u00dfen ECTS.<\/span><\/div><div id=\"magicdomid44\" class=\"\"><span class=\"author-p-9301\">Es gibt also keinen fixen Stundenplan wie an der Schule oder an der Hochschule, ihr k\u00f6nnt alle selber entscheiden was ihr in welchem Semester belegen wollt und euch ganz individuell euerer Studium zusammenbauen.<\/span><\/div><div id=\"magicdomid45\" class=\"\"><span class=\"author-p-9301\">Die Pr\u00fcfungsordnung macht dabei Vorschl\u00e4ge wann ihr was macht.\u00a0<\/span><\/div><div><a href=\"https:\/\/www.fspolitik.de\/?page_id=3546\" target=\"_blank\" rel=\"noopener\">Zu den Pr\u00fcfungsordnungen<\/a><\/div><\/div><\/div><\/div><div class=\"ea-card sp-ea-single\"><h3 class=\"ea-header\"><a class=\"collapsed\" id=\"ea-header-35403\" role=\"button\" data-sptoggle=\"spcollapse\" data-sptarget=\"#collapse35403\" aria-controls=\"collapse35403\" href=\"#\" aria-expanded=\"false\" tabindex=\"0\"><i aria-hidden=\"true\" role=\"presentation\" class=\"ea-expand-icon eap-icon-ea-expand-plus\"><\/i> Welche Studieng\u00e4nge haben wir?<\/a><\/h3><div class=\"sp-collapse spcollapse \" id=\"collapse35403\" data-parent=\"#sp-ea-3540\" role=\"region\" aria-labelledby=\"ea-header-35403\"> <div class=\"ea-body\"><div id=\"magicdomid27\" class=\"\"><span class=\"author-p-9301\">Politikwissenschaft im Bachelor und im Master als Hauptfach<\/span><\/div><div id=\"magicdomid28\" class=\"\"><span class=\"author-p-9301\">Politikwissenschaft im Bachelor und im Master als Nebenfach<\/span><\/div><div id=\"magicdomid29\" class=\"\"><span class=\"author-p-9301\">Politikwissenschaft im Lehramt<\/span><\/div><div id=\"magicdomid30\" class=\"\"><span class=\"author-p-9301\">Angewandte Politikwissenschaft im Bachelor und im Master<\/span><\/div><div><a href=\"https:\/\/www.fspolitik.de\/?page_id=3546\" target=\"_blank\" rel=\"noopener\">Zu den Pr\u00fcfungsordnungen<\/a><\/div><\/div><\/div><\/div><div class=\"ea-card sp-ea-single\"><h3 class=\"ea-header\"><a class=\"collapsed\" id=\"ea-header-35404\" role=\"button\" data-sptoggle=\"spcollapse\" data-sptarget=\"#collapse35404\" aria-controls=\"collapse35404\" href=\"#\" aria-expanded=\"false\" tabindex=\"0\"><i aria-hidden=\"true\" role=\"presentation\" class=\"ea-expand-icon eap-icon-ea-expand-plus\"><\/i> Was ist ein Lehrstuhl?<\/a><\/h3><div class=\"sp-collapse spcollapse \" id=\"collapse35404\" data-parent=\"#sp-ea-3540\" role=\"region\" aria-labelledby=\"ea-header-35404\"> <div class=\"ea-body\"><div id=\"magicdomid35\" class=\"\"><span class=\"author-p-9301\">Ein Lehrstuhl ist eine Position an einer Universit\u00e4t oder Hochschule, die von einem Professor oder einer Professorin geleitet wird. Er ist sozusagen das Zentrum, von dem aus eine bestimmte Fachrichtung an der Universit\u00e4t betreut und gelehrt wird und das &#8222;B\u00fcro&#8220; oder die &#8222;Basis&#8220; der:des Professor:in, von dem aus sie:er ihre Arbeit organisiert. Der Lehrstuhl umfasst oft auch ein Team aus Mitarbeitenden, die den Professor bei seiner Arbeit unterst\u00fctzen.<\/span><\/div><div id=\"magicdomid36\" class=\"\"><span class=\"author-p-9301\">An einem Lehrstuhl wird geforscht, Vorlesungen werden organisiert und es werden wissenschaftliche Projekte betreut.<\/span><\/div><div id=\"magicdomid37\" class=\"\"><span class=\"author-p-9301\">Am Seminar f\u00fcr Wissenschaftliche Politik haben wir f\u00fcnf Lehrst\u00fchle: Vergleichende Regierungslehre, Internationale Beziehungen, Politische Philosophie, Theorie und Ideengeschichte, Governance in Mehrebenensystemen und Entwicklungstheorien und Entwicklungspolitik. Die einzelnen Professor:innen sind mit ihrern Mitarbeitenden auf ihr jeweiliges Fach spezialisiert.<\/span><\/div><div id=\"magicdomid38\" class=\"\"><span class=\"author-p-9301 b url\"><a href=\"https:\/\/www.politik.uni-freiburg.de\/professuren\"><b>https:\/\/www.politik.uni-freiburg.de\/professuren<\/b><\/a><\/span><\/div><\/div><\/div><\/div><div class=\"ea-card sp-ea-single\"><h3 class=\"ea-header\"><a class=\"collapsed\" id=\"ea-header-35405\" role=\"button\" data-sptoggle=\"spcollapse\" data-sptarget=\"#collapse35405\" aria-controls=\"collapse35405\" href=\"#\" aria-expanded=\"false\" tabindex=\"0\"><i aria-hidden=\"true\" role=\"presentation\" class=\"ea-expand-icon eap-icon-ea-expand-plus\"><\/i> Was ist der Unterschied zwischen Vorlesung und Seminar?<\/a><\/h3><div class=\"sp-collapse spcollapse \" id=\"collapse35405\" data-parent=\"#sp-ea-3540\" role=\"region\" aria-labelledby=\"ea-header-35405\"> <div class=\"ea-body\"><div id=\"magicdomid49\" class=\"\"><span class=\"author-p-9301\">Was ist der Unterschied zwischen Vorlesung und Seminar?<\/span><\/div><div id=\"magicdomid50\" class=\"\"><\/div><div id=\"magicdomid51\" class=\"\"><span class=\"author-p-9301\">Die Vorlesungen sind ist festgelegt welche speziellen Vorlesungen wir belegen m\u00fcssen. Die belegen wir dann also alle zusammen. Bei den Seminaren gibt es in jedem Semester mehrere und ihr k\u00f6nnt w\u00e4hlen welches davon euch am meisten interessiert. Vorlesungen finden in den gro\u00dfen H\u00f6rs\u00e4len statt, am Ende des Semester wird dann eine Klausur geschrieben. Die Seminare sind in kleineren Gruppen, schauen sich spezifischer ein Thema an und sind interaktiver gestaltet.<\/span><\/div><\/div><\/div><\/div><div class=\"ea-card sp-ea-single\"><h3 class=\"ea-header\"><a class=\"collapsed\" id=\"ea-header-35406\" role=\"button\" data-sptoggle=\"spcollapse\" data-sptarget=\"#collapse35406\" aria-controls=\"collapse35406\" href=\"#\" aria-expanded=\"false\" tabindex=\"0\"><i aria-hidden=\"true\" role=\"presentation\" class=\"ea-expand-icon eap-icon-ea-expand-plus\"><\/i> Wer beantwortet meine Fragen, wenn ich noch Probleme habe?<\/a><\/h3><div class=\"sp-collapse spcollapse \" id=\"collapse35406\" data-parent=\"#sp-ea-3540\" role=\"region\" aria-labelledby=\"ea-header-35406\"> <div class=\"ea-body\"><div id=\"magicdomid54\" class=\"\"><span class=\"author-p-9301\">Wer beatowrtet meine Frage wenn ich noch Probleme habe?<\/span><\/div><div id=\"magicdomid55\" class=\"\"><\/div><div id=\"magicdomid56\" class=\"\"><span class=\"author-p-9301\">Als zentrale Ansprechpersonen gibt es am Seminar die Studiegangkoordnation. Die helfen euch mit allen Problemen, die direkt mit Studium, Pr\u00fcfungsordung oder Erasmus zu tun haben weiter. Ihr k\u00f6nnt Marius Fr\u00f6hle und Angela Geck immer eine Mail schreiben, lieber einmal zu viel nachgefragt als ratlos.<\/span><b><\/b><\/div><div><a href=\"https:\/\/www.politik.uni-freiburg.de\/studium\/ansprechpartner\" target=\"_blank\" rel=\"noopener\">Liste mit den zust\u00e4ndigen Personen<\/a><\/div><\/div><\/div><\/div><div class=\"ea-card sp-ea-single\"><h3 class=\"ea-header\"><a class=\"collapsed\" id=\"ea-header-35407\" role=\"button\" data-sptoggle=\"spcollapse\" data-sptarget=\"#collapse35407\" aria-controls=\"collapse35407\" href=\"#\" aria-expanded=\"false\" tabindex=\"0\"><i aria-hidden=\"true\" role=\"presentation\" class=\"ea-expand-icon eap-icon-ea-expand-plus\"><\/i> Wie geht wissenschaftliches Arbeiten?<\/a><\/h3><div class=\"sp-collapse spcollapse \" id=\"collapse35407\" data-parent=\"#sp-ea-3540\" role=\"region\" aria-labelledby=\"ea-header-35407\"> <div class=\"ea-body\"><p>In diesem Dokument gibt es eine Anleitung wie man recherchiert, schreibt und zitiert. F\u00fcr Hausarbeiten kann das also eine gute Hilfe sein. Dazu lernt im ersten Semester aber noch mehr.<br \/><a href=\"https:\/\/www.politik.uni-freiburg.de\/medien\/pdf\/ls_riescher\/Obrecht2010-AnleitungzumwissenschaftlichenArbeiten.pdf\/view?set_language=de\" target=\"_blank\" rel=\"noopener\">Reader zum wissenschaftlichen Arbeiten<\/a><\/p><p>&nbsp;<\/p><\/div><\/div><\/div><div class=\"ea-card sp-ea-single\"><h3 class=\"ea-header\"><a class=\"collapsed\" id=\"ea-header-35408\" role=\"button\" data-sptoggle=\"spcollapse\" data-sptarget=\"#collapse35408\" aria-controls=\"collapse35408\" href=\"#\" aria-expanded=\"false\" tabindex=\"0\"><i aria-hidden=\"true\" role=\"presentation\" class=\"ea-expand-icon eap-icon-ea-expand-plus\"><\/i> Was sind Pr\u00fcfungs- und Studienleistung?<\/a><\/h3><div class=\"sp-collapse spcollapse \" id=\"collapse35408\" data-parent=\"#sp-ea-3540\" role=\"region\" aria-labelledby=\"ea-header-35408\"> <div class=\"ea-body\"><div id=\"magicdomid16\" class=\"\"><span class=\"author-p-9301\">In unserer Pr\u00fcfungsordung findet ihr bei den Veranstaltungen immer angegeben ob etwas als Pr\u00fcfungsleistung oder Studienleistung gewertet wird. Dabei k\u00f6nnen Klausuren, Hausrabiten und m\u00fcndliche Pr\u00fcfungen SL oder PL sein.<\/span><\/div><div id=\"magicdomid17\" class=\"\"><\/div><div id=\"magicdomid18\" class=\"\"><span class=\"author-p-9301\">Studienleistung (SL): Bei dieser Pr\u00fcfungsform m\u00fcsst ihr nur bestehen, es gibt keine Note. Solltet ihr eine SL mal nicht bestehen k\u00f6nnt ihr sie belibig oft wiederholen<\/span><\/div><div id=\"magicdomid19\" class=\"\"><\/div><div id=\"magicdomid20\" class=\"\"><span class=\"author-p-9301\">Pr\u00fcfungsleistung (PL): Bei dieser Pr\u00fcfungsform gibt es eine Note, ab 4,0 besteht ihr die Leistung. Die Note findet Eingang in eure Gesamtnote. Jede PL darf man bei Nichtbestehen ein zweites Mal ablegen. F\u00fcr euer ganzes Politikstudium habt ihr zwei Drittversuche. Die sind euer Joker. Zwei Leistungen d\u00fcrftet ihr also noch ein drittes Mal ablegen.<\/span><\/div><\/div><\/div><\/div><\/div><\/div><\/div>\n\n\n<p>Bei weiteren Fragen schreibt uns gerne auf Instagram: <a href=\"https:\/\/www.instagram.com\/fachschaftpolitik.unifreiburg\/\">@fachschaftpolitik.unifreiburg<\/a><\/p>\n","protected":false},"excerpt":{"rendered":"<p>Liebe Erstis, hier erkl\u00e4ren wir euch was euch im Studium so erwartet. Die wichtigsten Fragen haben wir euch hier schonmal beantwortet. Bei weiteren Fragen schreibt uns gerne auf Instagram: @fachschaftpolitik.unifreiburg<\/p>\n","protected":false},"author":16,"featured_media":0,"parent":3457,"menu_order":0,"comment_status":"closed","ping_status":"closed","template":"","meta":{"iawp_total_views":355,"footnotes":""},"class_list":["post-3537","page","type-page","status-publish","hentry"],"_links":{"self":[{"href":"https:\/\/www.fspolitik.de\/index.php?rest_route=\/wp\/v2\/pages\/3537","targetHints":{"allow":["GET"]}}],"collection":[{"href":"https:\/\/www.fspolitik.de\/index.php?rest_route=\/wp\/v2\/pages"}],"about":[{"href":"https:\/\/www.fspolitik.de\/index.php?rest_route=\/wp\/v2\/types\/page"}],"author":[{"embeddable":true,"href":"https:\/\/www.fspolitik.de\/index.php?rest_route=\/wp\/v2\/users\/16"}],"replies":[{"embeddable":true,"href":"https:\/\/www.fspolitik.de\/index.php?rest_route=%2Fwp%2Fv2%2Fcomments&post=3537"}],"version-history":[{"count":6,"href":"https:\/\/www.fspolitik.de\/index.php?rest_route=\/wp\/v2\/pages\/3537\/revisions"}],"predecessor-version":[{"id":3620,"href":"https:\/\/www.fspolitik.de\/index.php?rest_route=\/wp\/v2\/pages\/3537\/revisions\/3620"}],"up":[{"embeddable":true,"href":"https:\/\/www.fspolitik.de\/index.php?rest_route=\/wp\/v2\/pages\/3457"}],"wp:attachment":[{"href":"https:\/\/www.fspolitik.de\/index.php?rest_route=%2Fwp%2Fv2%2Fmedia&parent=3537"}],"curies":[{"name":"wp","href":"https:\/\/api.w.org\/{rel}","templated":true}]}}